{"id":5827,"date":"2013-12-15T14:53:10","date_gmt":"2013-12-15T13:53:10","guid":{"rendered":"https:\/\/www.domaine-de-baronarques.com\/home-2"},"modified":"2023-07-17T11:19:12","modified_gmt":"2023-07-17T09:19:12","slug":"home","status":"publish","type":"page","link":"https:\/\/www.domaine-de-baronarques.com\/fr\/","title":{"rendered":"Accueil"},"content":{"rendered":"<p>Situ\u00e9 dans le Limoux (Languedoc), classique et puissant, Domaine de Baronarques m\u00eale avec \u00e9l\u00e9gance innovation et tradition.<\/p>\n","protected":false},"excerpt":{"rendered":"<p>Situ\u00e9 dans le Limoux (Languedoc), classique et puissant, Domaine de Baronarques m\u00eale avec \u00e9l\u00e9gance innovation et tradition.<\/p>\n","protected":false},"author":2,"featured_media":0,"parent":0,"menu_order":1,"comment_status":"closed","ping_status":"closed","template":"page-home.php","meta":{"footnotes":""},"class_list":["post-5827","page","type-page","status-publish","hentry"],"aioseo_notices":[],"_links":{"self":[{"href":"https:\/\/www.domaine-de-baronarques.com\/fr\/wp-json\/wp\/v2\/pages\/5827","targetHints":{"allow":["GET"]}}],"collection":[{"href":"https:\/\/www.domaine-de-baronarques.com\/fr\/wp-json\/wp\/v2\/pages"}],"about":[{"href":"https:\/\/www.domaine-de-baronarques.com\/fr\/wp-json\/wp\/v2\/types\/page"}],"author":[{"embeddable":true,"href":"https:\/\/www.domaine-de-baronarques.com\/fr\/wp-json\/wp\/v2\/users\/2"}],"replies":[{"embeddable":true,"href":"https:\/\/www.domaine-de-baronarques.com\/fr\/wp-json\/wp\/v2\/comments?post=5827"}],"version-history":[{"count":54,"href":"https:\/\/www.domaine-de-baronarques.com\/fr\/wp-json\/wp\/v2\/pages\/5827\/revisions"}],"predecessor-version":[{"id":20116,"href":"https:\/\/www.domaine-de-baronarques.com\/fr\/wp-json\/wp\/v2\/pages\/5827\/revisions\/20116"}],"wp:attachment":[{"href":"https:\/\/www.domaine-de-baronarques.com\/fr\/wp-json\/wp\/v2\/media?parent=5827"}],"curies":[{"name":"wp","href":"https:\/\/api.w.org\/{rel}","templated":true}]}}