{"id":5838,"date":"2013-02-25T12:22:06","date_gmt":"2013-02-25T11:22:06","guid":{"rendered":"https:\/\/www.domaine-de-baronarques.com\/legal-2"},"modified":"2026-04-21T16:41:12","modified_gmt":"2026-04-21T14:41:12","slug":"mentions-legales","status":"publish","type":"page","link":"https:\/\/www.domaine-de-baronarques.com\/fr\/mentions-legales\/","title":{"rendered":"Mentions l\u00e9gales"},"content":{"rendered":"<p><strong>Information et alcool<\/strong><\/p>\n<p>Baron Philippe de Rothschild tient \u00e0 jour le pr\u00e9sent site internet pour l\u2019usage personnel des personnes l\u00e9galement autoris\u00e9es \u00e0 consommer des boissons alcoolis\u00e9es, et ce dans les pays dans lesquels la consommation de boissons alcoolis\u00e9es est l\u00e9gale.<\/p>\n<p><strong>Copyright<\/strong><\/p>\n<p>\u00a9 2023 Baron Philippe de Rothschild S.A.<\/p>\n<p><strong>G\u00e9n\u00e9ralit\u00e9s<\/strong><\/p>\n<p>Baron Philippe de Rothschild S.A.<br \/>\nSoci\u00e9t\u00e9 Anonyme<br \/>\nCapital : 6 250 000 \u20ac<br \/>\nSi\u00e8ge social : rue de Grassi &#8211; 33250 Pauillac<br \/>\nT\u00e9l\u00e9phone : + 33 5 56 73 20 20<br \/>\nT\u00e9l\u00e9copie : + 33 5 56 73 20 44<br \/>\nRCS Bordeaux : B 459 202 644<br \/>\nPr\u00e9sident-Directeur G\u00e9n\u00e9ral : Philippe Sereys de Rothschild<br \/>\nDirection G\u00e9n\u00e9rale : V\u00e9ronique Hombroekx, Ariane Khaida et Emmanuel Fourton<br \/>\nDirecteur de la publication : Ariane Khaida<\/p>\n<p><strong> Tous droits r\u00e9serv\u00e9s<\/strong><\/p>\n<p>Baron Philippe de Rothschild\u00a0S.A. est l&rsquo;unique propri\u00e9taire des logotypes, droits d&rsquo;auteur et autres droits de propri\u00e9t\u00e9 intellectuelle et industrielle utilis\u00e9s dans son site. Toute utilisation non autoris\u00e9e de tout ou partie de ces droits par des tiers est susceptible de donner lieu \u00e0 des poursuites judiciaires.<\/p>\n<p>Ce site est r\u00e9alis\u00e9 et \u00e9dit\u00e9 par Baron Philippe de Rothschild S.A. Il est h\u00e9berg\u00e9 par la soci\u00e9t\u00e9 Systonic \u2013 B\u00e2timent Canop\u00e9e, 10 rue Thomas Edison \u2013 33600 Pessac (contact t\u00e9l\u00e9phonique : + 33 (0)5 57 26 44 44).<\/p>\n<p><strong>Marques\u00a0<\/strong><\/p>\n<p>Les marques et logotypes figurant sur ce site sont des marques de Baron Philippe de Rothschild\u00a0S.A. et ne doivent pas \u00eatre utilis\u00e9s \u00e0 des fins publicitaires sans le consentement \u00e9crit pr\u00e9alable du propri\u00e9taire de la marque.<br \/>\nToute reproduction, totale ou partielle, tant en France qu&rsquo;\u00e0 l&rsquo;\u00e9tranger, de ce site, est rigoureusement interdite, compte tenu des dispositions l\u00e9gales en vigueur relatives \u00e0 la propri\u00e9t\u00e9 intellectuelle et artistique.<\/p>\n<p><strong>Les Liens\u00a0<\/strong><\/p>\n<p>Toute information concernant Baron Philippe de Rothschild\u00a0S.A. de quelque nature que ce soit, se trouvant sur le r\u00e9seau Internet, en dehors de notre site, aura \u00e9t\u00e9 transmise sans notre autorisation et contr\u00f4le et ne saurait donc engager notre responsabilit\u00e9.<\/p>\n<p>Baron Philippe de Rothschild\u00a0S.A. ne prend aucun engagement concernant tout autre site auquel vous pourriez avoir acc\u00e8s via le site Baron Philippe de Rothschild\u00a0S.A. et n&rsquo;a aucun contr\u00f4le ni responsabilit\u00e9 quant au contenu des sites non Baron Philippe de Rothschild\u00a0S.A.<\/p>\n<p>En aucun cas, Baron Philippe de Rothschild\u00a0S.A. ne sera tenue responsable des dommages directs, indirects ou sp\u00e9ciaux r\u00e9sultant de l&rsquo;usage de ce site Internet ou d&rsquo;autres sites qui lui sont li\u00e9s, notamment tout pr\u00e9judice financier ou commercial, perte de programmes ou de donn\u00e9es dans votre syst\u00e8me d&rsquo;information ou autre, m\u00eame si Baron Philippe de Rothschild\u00a0S.A. a eu connaissance de la possibilit\u00e9 de survenance de tels dommages.<\/p>\n<p><strong> Cr\u00e9dits\u00a0<\/strong><\/p>\n<p>Conception : AFK &#8211; CS 21 bd Haussmann 75009 Paris, Baron Philippe de Rothschild S.A.<br \/>\nH\u00e9bergement : Systonic &#8211; B\u00e2timent Canop\u00e9e, 10 rue Thomas Edison \u2013 33600 Pessac<br \/>\nPhotos :\u00a0Photographie Burdin, Leseigneur, Mathieu Anglada (Saison d\u2019Or), Alain Beno\u00eet (Deepix), Juan Ernesto Jaeger, Baron Philippe de Rothschild\u00a0S.A.<br \/>\nPhotos panoramiques :\u00a0Baron Philippe de Rothschild\u00a0S.A., Blackfeet, Linde Group.<\/p>\n","protected":false},"excerpt":{"rendered":"<p>Information et alcool Baron Philippe de Rothschild tient \u00e0 jour le pr\u00e9sent site internet pour l\u2019usage personnel des personnes l\u00e9galement autoris\u00e9es \u00e0 consommer des boissons alcoolis\u00e9es, et ce dans les pays dans lesquels la consommation de boissons alcoolis\u00e9es est l\u00e9gale. Copyright \u00a9 2023 Baron Philippe de Rothschild S.A. G\u00e9n\u00e9ralit\u00e9s Baron Philippe de Rothschild S.A. Soci\u00e9t\u00e9 [&hellip;]<\/p>\n","protected":false},"author":2,"featured_media":0,"parent":0,"menu_order":8,"comment_status":"closed","ping_status":"closed","template":"page-terms-lang.php","meta":{"footnotes":""},"class_list":["post-5838","page","type-page","status-publish","hentry"],"aioseo_notices":[],"_links":{"self":[{"href":"https:\/\/www.domaine-de-baronarques.com\/fr\/wp-json\/wp\/v2\/pages\/5838","targetHints":{"allow":["GET"]}}],"collection":[{"href":"https:\/\/www.domaine-de-baronarques.com\/fr\/wp-json\/wp\/v2\/pages"}],"about":[{"href":"https:\/\/www.domaine-de-baronarques.com\/fr\/wp-json\/wp\/v2\/types\/page"}],"author":[{"embeddable":true,"href":"https:\/\/www.domaine-de-baronarques.com\/fr\/wp-json\/wp\/v2\/users\/2"}],"replies":[{"embeddable":true,"href":"https:\/\/www.domaine-de-baronarques.com\/fr\/wp-json\/wp\/v2\/comments?post=5838"}],"version-history":[{"count":21,"href":"https:\/\/www.domaine-de-baronarques.com\/fr\/wp-json\/wp\/v2\/pages\/5838\/revisions"}],"predecessor-version":[{"id":24160,"href":"https:\/\/www.domaine-de-baronarques.com\/fr\/wp-json\/wp\/v2\/pages\/5838\/revisions\/24160"}],"wp:attachment":[{"href":"https:\/\/www.domaine-de-baronarques.com\/fr\/wp-json\/wp\/v2\/media?parent=5838"}],"curies":[{"name":"wp","href":"https:\/\/api.w.org\/{rel}","templated":true}]}}