{"id":9043,"date":"2014-03-28T10:09:09","date_gmt":"2014-03-28T09:09:09","guid":{"rendered":"https:\/\/www.domaine-de-baronarques.com\/the-family-and-domaine-de-baronarques-new-2\/"},"modified":"2020-05-22T17:06:30","modified_gmt":"2020-05-22T15:06:30","slug":"la-famille-et-domaine-de-baronarques","status":"publish","type":"page","link":"https:\/\/www.domaine-de-baronarques.com\/fr\/the-history\/la-famille-et-domaine-de-baronarques\/","title":{"rendered":"La famille Rothschild et Domaine de Baronarques"},"content":{"rendered":"<p><strong>Domaine de BAron\u2019Arques<\/strong>&nbsp;est une tr\u00e8s ancienne propri\u00e9t\u00e9, qui existait d\u00e9j\u00e0 au 17<sup>\u00e8me<\/sup>&nbsp;si\u00e8cle sous le nom de Domaine de Lambert. \u00c0 cette \u00e9poque, le Domaine appartenait \u00e0 l\u2019Abbaye de Saint-Polycarpe, village situ\u00e9 pr\u00e8s de Limoux dans l\u2019Aude.<\/p>\n<p><strong>Apr\u00e8s avoir connu plusieurs propri\u00e9taires successifs<\/strong>, le Domaine est vendu en 1875 \u00e0 Michel Tisseyre. La famille Tisseyre se consacre \u00e0 l\u2019agrandissement du vignoble \u2013 48 hectares en 1910 \u2013 et fait construire entre 1890 et 1900 une charmante maison d\u2019habitation, avec terrasse et jardin.<\/p>\n<p><strong>En 1998, Me Ch\u00e9reau, avocat \u00e0 Marseille<\/strong>&nbsp;et h\u00e9ritier du Domaine, le vend \u00e0 la&nbsp;<a href=\"https:\/\/www.chateau-mouton-rothschild.com\/l-histoire\/portraits\/baronne-philippine-de-rothschild?lang=fr\" target=\"_blank\" rel=\"noopener noreferrer\">baronne Philippine de Rothschild<\/a>&nbsp;et \u00e0 ses deux fils. Tous trois en confient la gestion \u00e0 la soci\u00e9t\u00e9 familiale Baron Philippe de Rothschild. Le Domaine est alors en mauvais \u00e9tat et n\u00e9cessite une importante r\u00e9novation du vignoble et des installations techniques. Celle-ci va durer 5 ans.<\/p>\n<p><strong>En 2003, le Domaine de BAron\u2019Arques<\/strong>&nbsp;b\u00e9n\u00e9ficie d\u2019une conjoncture exceptionnelle : d\u2019une part, le vin se r\u00e9v\u00e8le de tr\u00e8s grande qualit\u00e9 ; d\u2019autre part, le Domaine re\u00e7oit l\u2019appellation AOC Limoux rouge, nouvellement cr\u00e9\u00e9e par l\u2019Institut National des Appellations d\u2019Origine (INAO). Ce grand vin peut alors dignement prendre rang parmi les autres ch\u00e2teaux de la famille, dont l\u2019illustre&nbsp;<a href=\"https:\/\/www.chateau-mouton-rothschild.com\/?lang=fr\" target=\"_blank\" rel=\"noopener noreferrer\">Ch\u00e2teau Mouton Rothschild&nbsp;<\/a><\/p>\n","protected":false},"excerpt":{"rendered":"<p>Domaine de BAron\u2019Arques&nbsp;est une tr\u00e8s ancienne propri\u00e9t\u00e9, qui existait d\u00e9j\u00e0 au 17\u00e8me&nbsp;si\u00e8cle sous le nom de Domaine de Lambert. \u00c0 cette \u00e9poque, le Domaine appartenait \u00e0 l\u2019Abbaye de Saint-Polycarpe, village situ\u00e9 pr\u00e8s de Limoux dans l\u2019Aude. Apr\u00e8s avoir connu plusieurs propri\u00e9taires successifs, le Domaine est vendu en 1875 \u00e0 Michel Tisseyre. La famille Tisseyre se [&hellip;]<\/p>\n","protected":false},"author":2,"featured_media":0,"parent":9095,"menu_order":2,"comment_status":"closed","ping_status":"closed","template":"page-flexible_layout.php","meta":{"footnotes":""},"class_list":["post-9043","page","type-page","status-publish","hentry"],"aioseo_notices":[],"_links":{"self":[{"href":"https:\/\/www.domaine-de-baronarques.com\/fr\/wp-json\/wp\/v2\/pages\/9043","targetHints":{"allow":["GET"]}}],"collection":[{"href":"https:\/\/www.domaine-de-baronarques.com\/fr\/wp-json\/wp\/v2\/pages"}],"about":[{"href":"https:\/\/www.domaine-de-baronarques.com\/fr\/wp-json\/wp\/v2\/types\/page"}],"author":[{"embeddable":true,"href":"https:\/\/www.domaine-de-baronarques.com\/fr\/wp-json\/wp\/v2\/users\/2"}],"replies":[{"embeddable":true,"href":"https:\/\/www.domaine-de-baronarques.com\/fr\/wp-json\/wp\/v2\/comments?post=9043"}],"version-history":[{"count":9,"href":"https:\/\/www.domaine-de-baronarques.com\/fr\/wp-json\/wp\/v2\/pages\/9043\/revisions"}],"predecessor-version":[{"id":10934,"href":"https:\/\/www.domaine-de-baronarques.com\/fr\/wp-json\/wp\/v2\/pages\/9043\/revisions\/10934"}],"up":[{"embeddable":true,"href":"https:\/\/www.domaine-de-baronarques.com\/fr\/wp-json\/wp\/v2\/pages\/9095"}],"wp:attachment":[{"href":"https:\/\/www.domaine-de-baronarques.com\/fr\/wp-json\/wp\/v2\/media?parent=9043"}],"curies":[{"name":"wp","href":"https:\/\/api.w.org\/{rel}","templated":true}]}}