{"id":9133,"date":"2014-04-28T12:41:48","date_gmt":"2014-04-28T10:41:48","guid":{"rendered":"https:\/\/www.domaine-de-baronarques.com\/le-vignoble\/from-the-vine-to-wine\/"},"modified":"2025-08-21T12:31:11","modified_gmt":"2025-08-21T10:31:11","slug":"de-la-vigne-au-vin","status":"publish","type":"page","link":"https:\/\/www.domaine-de-baronarques.com\/fr\/le-vignoble\/de-la-vigne-au-vin\/","title":{"rendered":"De la vigne au vin"},"content":{"rendered":"<p style=\"text-align: left;\">Like the vineyard, the wines receive the same meticulous care and attention as at Baroness Philippine de Rothschild&rsquo;s other estates.<\/p>\n<p style=\"text-align: left;\">Comme la vigne, les vins font l&rsquo;objet de la m\u00eame attention et des m\u00eames soins que pour les autres propri\u00e9t\u00e9s de la baronne Philippine de Rothschild.<\/p>\n<p>Les raisins sont r\u00e9colt\u00e9s \u00e0 la main en cagettes de 12 kilos, comme dans <a href=\"https:\/\/www.bpdr.com\/les-chateaux\" target=\"_blank\" rel=\"noopener\">les propri\u00e9t\u00e9s bordelaises de la famille<\/a>.<\/p>\n\n\n<p><\/p>\n","protected":false},"excerpt":{"rendered":"<p>Like the vineyard, the wines receive the same meticulous care and attention as at Baroness Philippine de Rothschild&rsquo;s other estates. Comme la vigne, les vins font l&rsquo;objet de la m\u00eame attention et des m\u00eames soins que pour les autres propri\u00e9t\u00e9s de la baronne Philippine de Rothschild. Les raisins sont r\u00e9colt\u00e9s \u00e0 la main en cagettes [&hellip;]<\/p>\n","protected":false},"author":2,"featured_media":0,"parent":9056,"menu_order":2,"comment_status":"closed","ping_status":"closed","template":"page-flexible_layout.php","meta":{"footnotes":""},"class_list":["post-9133","page","type-page","status-publish","hentry"],"aioseo_notices":[],"_links":{"self":[{"href":"https:\/\/www.domaine-de-baronarques.com\/fr\/wp-json\/wp\/v2\/pages\/9133","targetHints":{"allow":["GET"]}}],"collection":[{"href":"https:\/\/www.domaine-de-baronarques.com\/fr\/wp-json\/wp\/v2\/pages"}],"about":[{"href":"https:\/\/www.domaine-de-baronarques.com\/fr\/wp-json\/wp\/v2\/types\/page"}],"author":[{"embeddable":true,"href":"https:\/\/www.domaine-de-baronarques.com\/fr\/wp-json\/wp\/v2\/users\/2"}],"replies":[{"embeddable":true,"href":"https:\/\/www.domaine-de-baronarques.com\/fr\/wp-json\/wp\/v2\/comments?post=9133"}],"version-history":[{"count":16,"href":"https:\/\/www.domaine-de-baronarques.com\/fr\/wp-json\/wp\/v2\/pages\/9133\/revisions"}],"predecessor-version":[{"id":23671,"href":"https:\/\/www.domaine-de-baronarques.com\/fr\/wp-json\/wp\/v2\/pages\/9133\/revisions\/23671"}],"up":[{"embeddable":true,"href":"https:\/\/www.domaine-de-baronarques.com\/fr\/wp-json\/wp\/v2\/pages\/9056"}],"wp:attachment":[{"href":"https:\/\/www.domaine-de-baronarques.com\/fr\/wp-json\/wp\/v2\/media?parent=9133"}],"curies":[{"name":"wp","href":"https:\/\/api.w.org\/{rel}","templated":true}]}}